{"id":1314,"date":"2018-05-22T20:28:16","date_gmt":"2018-05-22T18:28:16","guid":{"rendered":"http:\/\/roehnconsult.com\/?page_id=1314\/"},"modified":"2018-05-24T08:37:34","modified_gmt":"2018-05-24T06:37:34","slug":"datenschutz","status":"publish","type":"page","link":"https:\/\/roehnconsult.com\/de\/datenschutz\/","title":{"rendered":"Datenschutz"},"content":{"rendered":"<div class=\"wpb-content-wrapper\"><p>[vc_row row_height_percent=&#8220;0&#8243; overlay_alpha=&#8220;50&#8243; gutter_size=&#8220;3&#8243; shift_y=&#8220;0&#8243; css=&#8220;.vc_custom_1486647070605{padding-top: 40px !important;padding-bottom: 40px !important;}&#8220;][vc_column column_width_percent=&#8220;100&#8243; overlay_alpha=&#8220;50&#8243; gutter_size=&#8220;2&#8243; medium_width=&#8220;0&#8243; shift_x=&#8220;0&#8243; shift_y=&#8220;0&#8243; z_index=&#8220;0&#8243; width=&#8220;3\/4&#8243;][vc_column_text css=&#8220;.vc_custom_1527143832114{padding-bottom: 40px !important;}&#8220;]Die Verarbeitung personenbezogener Daten durch uns erfolgt streng nach den Datenschutz-Bestimmungen. Das sind die Europ\u00e4ische Datenschutz-Grundverordnung (DSGVO), das Bundesdatenschutzgesetz (BDSG) und andere Rechtsvorschriften.<br \/>\nDie DSGVO verpflichtet uns, Ihnen die nachfolgenden Informationen \u00fcber die Verarbeitung Ihrer Daten zu geben.<\/p>\n<h4>Verantwortlicher<\/h4>\n<p>Dr. Steffen Roehn<br \/>\nRoehn Management Consulting GmbH<br \/>\nStabelsteiner Weg 11<br \/>\n61267 Neu-Anspach<\/p>\n<p>Telefon: +49 (0) 6081 965192<br \/>\ninfo@roehnconsult.com<\/p>\n<h4>Wenn Sie sich mit einem Anliegen an uns wenden<\/h4>\n<p>Sie k\u00f6nnen sich jederzeit mit Anliegen an uns wenden. Sie k\u00f6nnen das per Telefon, Brief, E-Mail, Fax oder pers\u00f6nlich tun. Wenn Sie uns dabei Daten \u00fcbergeben, gilt f\u00fcr diese folgendes:<\/p>\n<p>personenbezogene Daten:<br \/>\nAngaben, die sie uns freiwillig mitteilen<\/p>\n<p>Zwecke der Verarbeitung:<br \/>\nBearbeitung Ihres Anliegens<\/p>\n<p>Rechtsgrundlage:<br \/>\nArt. 6 Abs. 1 Buchst. a DSGVO<\/p>\n<p>Empf\u00e4nger der Daten:<br \/>\nStellen, an die wir die Daten auf Ihren Wunsch weiterleiten<\/p>\n<p>Aufbewahrungsfrist:<br \/>\nNach der Beendigung der Bearbeitung werden die Daten archiviert.<\/p>\n<h4>Besucher unserer Website (www.roehnconsult.com)<\/h4>\n<p>Wenn Sie unsere Website besuchen, werden automatisch folgende Daten verarbeitet:<br \/>\npersonenbezogene Daten:<br \/>\n&#8211; IP-Adresse (Internet-Kenn-Nummer Ihres Ger\u00e4tes)<br \/>\n&#8211; Angaben, die Ihr Browser automatisch \u00fcbermittelt (Betriebs-System Ihres Ger\u00e4tes, Browser-Name, Browser-Version, letzte aufgerufene Seite)<br \/>\n&#8211; Uhrzeit<\/p>\n<p>Cookies:<br \/>\nEs wird ein sogenanntes \u201eSession-Cookie\u201c gesetzt. Dieses ist technisch notwendig. Es wird nach Verlassen unserer Website durch Ihren Browser automatisch gel\u00f6scht. Weitere Cookies werden nicht angewendet.<\/p>\n<p>Zwecke der Verarbeitung:<br \/>\nBetrieb der Website, Auswertung von St\u00f6rungen<\/p>\n<p>Rechtsgrundlage:<br \/>\nArt. 6 Abs. 1 Buchst. f DSGVO<\/p>\n<p>Empf\u00e4nger der Daten:<br \/>\nkeine<\/p>\n<p>Aufbewahrungsfrist:<br \/>\n3 Monate<\/p>\n<h4>Gesch\u00e4ftspartner<\/h4>\n<p>Die Daten der Kontaktpersonen unserer Gesch\u00e4ftspartner werden bei uns wie folgt verarbeitet:<br \/>\npersonenbezogene Daten:<br \/>\nKontaktdaten, die uns \u00fcbergeben wurden<\/p>\n<p>Zwecke der Verarbeitung:<br \/>\nRealisierung der Gesch\u00e4ftsbeziehung<\/p>\n<p>Rechtsgrundlage:<br \/>\nArt. 6 Abs. 1 Buchst. f DSGVO<\/p>\n<p>Herkunft der Daten:<br \/>\n&#8211; Mitteilung durch die Kontaktperson selbst<br \/>\n&#8211; Mitteilung durch eine andere Stelle des Gesch\u00e4ftspartners<\/p>\n<p>Empf\u00e4nger der Daten:<br \/>\nkeine<\/p>\n<p>Aufbewahrungsfrist:<br \/>\nbis zum Ende der Gesch\u00e4ftsbeziehung<\/p>\n<p>Es besteht keine Verpflichtung zur \u00dcbermittlung dieser Daten. F\u00fcr die Realisierung der Gesch\u00e4ftsbeziehung ist die Verarbeitung auch nicht zwingend notwendig. Der Aufwand f\u00fcr Absprachen w\u00e4re ohne festgelegte Kontaktpersonen aber unverh\u00e4ltnism\u00e4\u00dfig hoch. Au\u00dferdem w\u00e4re die Gefahr von Missverst\u00e4ndnissen sehr gro\u00df. Daher besteht ein berechtigtes Interesse an dieser Verarbeitung.<\/p>\n<h4>Ihre Rechte<\/h4>\n<p>Sie haben bez\u00fcglich dieser Verarbeitung Ihrer personenbezogenen Daten folgende Rechte:<br \/>\n&#8211; Auskunft \u00fcber die zu Ihrer Person gespeicherten Daten (Art. 15 DSGVO)<br \/>\n&#8211; Berichtigung unrichtiger Daten (Art. 16 DSGVO)<br \/>\n&#8211; L\u00f6schung, wenn das rechtlich erlaubt ist (Art. 17 DSGVO)<br \/>\n&#8211; Einschr\u00e4nkung der Verarbeitung (Art. 18 DSGVO)<br \/>\n&#8211; Erhalt Ihrer Daten in einem strukturierten, g\u00e4ngigen und maschinenlesbaren Format (Art. 20 DSGVO)<br \/>\n&#8211; Widerspruch gegen die Verarbeitung (Art. 21 DSGVO)<br \/>\n&#8211; Beschwerde bei einer Aufsichtsbeh\u00f6rde (Art. 77 DSGVO)<br \/>\nEinige Verarbeitungen beruhen auf Ihrer Einwilligung. In diesen F\u00e4llen haben Sie das Recht, die Einwilligung jederzeit mit Wirkung auf die Zukunft zu widerrufen.<\/p>\n<h4>Stand und Aktualisierung dieser Datenschutzerkl\u00e4rung<\/h4>\n<p>Diese Datenschutzerkl\u00e4rung hat den Stand vom 23. Mai 2018. Wir behalten uns vor, die Datenschutzerkl\u00e4rung zu gegebener Zeit zu aktualisieren, um den Datenschutz zu verbessern und\/oder an ge\u00e4nderte Beh\u00f6rdenpraxis oder Rechtsprechung anzupassen.[\/vc_column_text][\/vc_column][vc_column width=&#8220;1\/4&#8243;][\/vc_column][\/vc_row]<\/p>\n<\/div>","protected":false},"excerpt":{"rendered":"<p>[vc_row row_height_percent=&#8220;0&#8243; overlay_alpha=&#8220;50&#8243; gutter_size=&#8220;3&#8243; shift_y=&#8220;0&#8243; css=&#8220;.vc_custom_1486647070605{padding-top: 40px !important;padding-bottom: 40px !important;}&#8220;][vc_column column_width_percent=&#8220;100&#8243; overlay_alpha=&#8220;50&#8243; gutter_size=&#8220;2&#8243; medium_width=&#8220;0&#8243; shift_x=&#8220;0&#8243; shift_y=&#8220;0&#8243; z_index=&#8220;0&#8243; width=&#8220;3\/4&#8243;][vc_column_text css=&#8220;.vc_custom_1527143832114{padding-bottom: 40px [&hellip;]<\/p>\n","protected":false},"author":1,"featured_media":0,"parent":0,"menu_order":0,"comment_status":"closed","ping_status":"closed","template":"","meta":{"_acf_changed":false,"inline_featured_image":false,"footnotes":""},"class_list":["post-1314","page","type-page","status-publish","hentry"],"acf":[],"acpt":null,"_links":{"self":[{"href":"https:\/\/roehnconsult.com\/de\/wp-json\/wp\/v2\/pages\/1314","targetHints":{"allow":["GET"]}}],"collection":[{"href":"https:\/\/roehnconsult.com\/de\/wp-json\/wp\/v2\/pages"}],"about":[{"href":"https:\/\/roehnconsult.com\/de\/wp-json\/wp\/v2\/types\/page"}],"author":[{"embeddable":true,"href":"https:\/\/roehnconsult.com\/de\/wp-json\/wp\/v2\/users\/1"}],"replies":[{"embeddable":true,"href":"https:\/\/roehnconsult.com\/de\/wp-json\/wp\/v2\/comments?post=1314"}],"version-history":[{"count":0,"href":"https:\/\/roehnconsult.com\/de\/wp-json\/wp\/v2\/pages\/1314\/revisions"}],"wp:attachment":[{"href":"https:\/\/roehnconsult.com\/de\/wp-json\/wp\/v2\/media?parent=1314"}],"curies":[{"name":"wp","href":"https:\/\/api.w.org\/{rel}","templated":true}]}}