{"id":466,"date":"2017-02-06T14:26:12","date_gmt":"2017-02-06T13:26:12","guid":{"rendered":"http:\/\/roehnconsult.com\/?page_id=466\/"},"modified":"2025-11-04T13:03:02","modified_gmt":"2025-11-04T12:03:02","slug":"home","status":"publish","type":"page","link":"https:\/\/roehnconsult.com\/de\/","title":{"rendered":"Home"},"content":{"rendered":"<div class=\"wpb-content-wrapper\"><p>[vc_row row_height_percent=&#8220;0&#8243; back_color=&#8220;color-114539&#8243; back_image=&#8220;134&#8243; back_position=&#8220;center center&#8220; parallax=&#8220;yes&#8220; overlay_alpha=&#8220;50&#8243; gutter_size=&#8220;3&#8243; shift_y=&#8220;0&#8243;][vc_column width=&#8220;1\/1&#8243;][vc_row_inner row_inner_height_percent=&#8220;0&#8243; overlay_alpha=&#8220;50&#8243; gutter_size=&#8220;3&#8243; shift_y=&#8220;0&#8243; medium_visibility=&#8220;yes&#8220; mobile_visibility=&#8220;yes&#8220; css=&#8220;.vc_custom_1487156029082{padding-top: 80px !important;}&#8220;][vc_column_inner width=&#8220;1\/1&#8243;][vc_empty_space empty_h=&#8220;0&#8243;][\/vc_column_inner][\/vc_row_inner][vc_row_inner row_inner_height_percent=&#8220;0&#8243; overlay_alpha=&#8220;50&#8243; gutter_size=&#8220;3&#8243; shift_y=&#8220;0&#8243;][vc_column_inner column_width_percent=&#8220;100&#8243; gutter_size=&#8220;2&#8243; overlay_alpha=&#8220;50&#8243; shift_x=&#8220;0&#8243; shift_y=&#8220;0&#8243; z_index=&#8220;0&#8243; medium_width=&#8220;0&#8243; width=&#8220;9\/12&#8243;][vc_custom_heading text_color=&#8220;color-xsdn&#8220; heading_semantic=&#8220;h1&#8243; text_size=&#8220;h1&#8243;]Leading IT to success[\/vc_custom_heading][vc_custom_heading text_color=&#8220;color-xsdn&#8220;]Erfahren. Innovativ. Unabh\u00e4ngig.[\/vc_custom_heading][\/vc_column_inner][vc_column_inner width=&#8220;3\/12&#8243;][\/vc_column_inner][\/vc_row_inner][vc_row_inner row_inner_height_percent=&#8220;0&#8243; overlay_alpha=&#8220;50&#8243; gutter_size=&#8220;3&#8243; shift_y=&#8220;0&#8243; medium_visibility=&#8220;yes&#8220; mobile_visibility=&#8220;yes&#8220; css=&#8220;.vc_custom_1487157124937{padding-top: 40px !important;}&#8220;][vc_column_inner width=&#8220;1\/1&#8243;][vc_empty_space empty_h=&#8220;1&#8243;][\/vc_column_inner][\/vc_row_inner][vc_row_inner][vc_column_inner column_width_percent=&#8220;100&#8243; gutter_size=&#8220;0&#8243; style=&#8220;dark&#8220; overlay_alpha=&#8220;50&#8243; shift_x=&#8220;0&#8243; shift_y=&#8220;0&#8243; z_index=&#8220;0&#8243; medium_width=&#8220;0&#8243; width=&#8220;1\/1&#8243;][vc_custom_heading heading_semantic=&#8220;h5&#8243; text_size=&#8220;h4&#8243;]Aktuell:[\/vc_custom_heading][\/vc_column_inner][\/vc_row_inner][vc_row_inner row_inner_height_percent=&#8220;0&#8243; overlay_alpha=&#8220;50&#8243; gutter_size=&#8220;2&#8243; shift_y=&#8220;0&#8243; css=&#8220;.vc_custom_1492679524349{margin-top: 20px !important;padding-bottom: 20px !important;}&#8220;][vc_column_inner column_width_percent=&#8220;100&#8243; gutter_size=&#8220;3&#8243; override_padding=&#8220;yes&#8220; column_padding=&#8220;0&#8243; overlay_alpha=&#8220;50&#8243; shift_x=&#8220;0&#8243; shift_y=&#8220;0&#8243; z_index=&#8220;0&#8243; medium_width=&#8220;0&#8243; width=&#8220;1\/12&#8243;][vc_single_image media=&#8220;1683&#8243; media_width_use_pixel=&#8220;yes&#8220; shape=&#8220;img-round&#8220; media_link=&#8220;url:https%3A%2F%2Froehnconsult.com%2Fde%2Ftmforum-beruft-steffen-roehn-chairman%2F|||&#8220; media_width_pixel=&#8220;120&#8243; uncode_shortcode_id=&#8220;583227&#8243; el_class=&#8220;svg-thumb&#8220;][\/vc_column_inner][vc_column_inner column_width_percent=&#8220;100&#8243; gutter_size=&#8220;0&#8243; style=&#8220;dark&#8220; overlay_alpha=&#8220;50&#8243; shift_x=&#8220;0&#8243; shift_y=&#8220;0&#8243; z_index=&#8220;0&#8243; medium_width=&#8220;0&#8243; width=&#8220;6\/12&#8243;][vc_column_text uncode_shortcode_id=&#8220;212113&#8243;]<\/p>\n<div class=\"uncode_text_column\">\n<p><b>September 2025:<br \/>\n<\/b><strong>Dr. Steffen Roehn wird f\u00fcr weitere zwei Jahre zum Chairman des Board of Trustees des globale Industrieverbands TM Forum berufen<\/strong><\/p>\n<\/div>\n<p>[\/vc_column_text][uncode_list icon=&#8220;fa fa-arrow-right2&#8243; icon_color=&#8220;color-xsdn&#8220; uncode_shortcode_id=&#8220;115106&#8243; icon_color_type=&#8220;uncode-palette&#8220;]<\/p>\n<ul>\n<li><a href=\"https:\/\/roehnconsult.com\/de\/dr-steffen-roehn-wird-fuer-weitere-zwei-jahre-zum-chairman-des-board-of-trustees-des-globale-industrieverbands-tm-forum-berufen\/\"><span style=\"color: #ffffff;\">Weiterlesen<\/span><\/a><\/li>\n<\/ul>\n<p>[\/uncode_list][\/vc_column_inner][vc_column_inner width=&#8220;5\/12&#8243;][\/vc_column_inner][\/vc_row_inner][vc_row_inner row_inner_height_percent=&#8220;0&#8243; overlay_alpha=&#8220;50&#8243; gutter_size=&#8220;2&#8243; shift_y=&#8220;0&#8243; css=&#8220;.vc_custom_1492679524349{margin-top: 20px !important;padding-bottom: 20px !important;}&#8220;][vc_column_inner column_width_percent=&#8220;100&#8243; gutter_size=&#8220;3&#8243; override_padding=&#8220;yes&#8220; column_padding=&#8220;0&#8243; overlay_alpha=&#8220;50&#8243; shift_x=&#8220;0&#8243; shift_y=&#8220;0&#8243; z_index=&#8220;0&#8243; medium_width=&#8220;0&#8243; width=&#8220;1\/12&#8243;][vc_single_image media=&#8220;1536&#8243; media_width_use_pixel=&#8220;yes&#8220; media_ratio=&#8220;sixteen-nine&#8220; shape=&#8220;img-round&#8220; media_link=&#8220;url:https%3A%2F%2Froehnconsult.com%2Fde%2Ftmforum-beruft-steffen-roehn-chairman%2F|||&#8220; media_width_pixel=&#8220;120&#8243;][\/vc_column_inner][vc_column_inner column_width_percent=&#8220;100&#8243; gutter_size=&#8220;0&#8243; style=&#8220;dark&#8220; overlay_alpha=&#8220;50&#8243; shift_x=&#8220;0&#8243; shift_y=&#8220;0&#8243; z_index=&#8220;0&#8243; medium_width=&#8220;0&#8243; width=&#8220;6\/12&#8243;][vc_column_text]<\/p>\n<div class=\"uncode_text_column\">\n<p><b>Mai 2019:<br \/>\n<\/b><b>Steffen Roehn wird zum Chairman des TMFORUM berufen<\/b><\/p>\n<\/div>\n<p>[\/vc_column_text][uncode_list icon=&#8220;fa fa-arrow-right2&#8243; icon_color=&#8220;color-xsdn&#8220;]<\/p>\n<ul>\n<li><a href=\"https:\/\/roehnconsult.com\/de\/tmforum-beruft-steffen-roehn-chairman\/\"><span style=\"color: #ffffff;\">Weiterlesen<\/span><\/a><\/li>\n<\/ul>\n<p>[\/uncode_list][\/vc_column_inner][vc_column_inner width=&#8220;5\/12&#8243;][\/vc_column_inner][\/vc_row_inner][vc_row_inner row_inner_height_percent=&#8220;0&#8243; overlay_alpha=&#8220;50&#8243; gutter_size=&#8220;2&#8243; shift_y=&#8220;0&#8243; css=&#8220;.vc_custom_1492679524349{margin-top: 20px !important;padding-bottom: 20px !important;}&#8220;][vc_column_inner column_width_percent=&#8220;100&#8243; gutter_size=&#8220;3&#8243; override_padding=&#8220;yes&#8220; column_padding=&#8220;0&#8243; overlay_alpha=&#8220;50&#8243; shift_x=&#8220;0&#8243; shift_y=&#8220;0&#8243; z_index=&#8220;0&#8243; medium_width=&#8220;0&#8243; width=&#8220;1\/12&#8243;][vc_single_image media=&#8220;1540&#8243; media_width_use_pixel=&#8220;yes&#8220; media_ratio=&#8220;sixteen-nine&#8220; shape=&#8220;img-round&#8220; media_link=&#8220;url:https%3A%2F%2Froehnconsult.com%2Fde%2Fsteffen-roehn-startet-bei-bain-company%2F|||&#8220; media_width_pixel=&#8220;120&#8243;][\/vc_column_inner][vc_column_inner column_width_percent=&#8220;100&#8243; gutter_size=&#8220;0&#8243; style=&#8220;dark&#8220; overlay_alpha=&#8220;50&#8243; shift_x=&#8220;0&#8243; shift_y=&#8220;0&#8243; z_index=&#8220;0&#8243; medium_width=&#8220;0&#8243; width=&#8220;6\/12&#8243;][vc_column_text]<\/p>\n<div class=\"uncode_text_column\">\n<p><strong>April\u00a02019:<br \/>\nDr. Steffen Roehn startet bei Bain &amp; Company<\/strong><\/p>\n<\/div>\n<p>[\/vc_column_text][uncode_list icon=&#8220;fa fa-arrow-right2&#8243; icon_color=&#8220;color-xsdn&#8220;]<\/p>\n<ul>\n<li><a href=\"https:\/\/roehnconsult.com\/de\/steffen-roehn-startet-bei-bain-company\/\"><span style=\"color: #ffffff;\">Weiterlesen<\/span><\/a><\/li>\n<\/ul>\n<p>[\/uncode_list][\/vc_column_inner][vc_column_inner width=&#8220;5\/12&#8243;][\/vc_column_inner][\/vc_row_inner][vc_row_inner row_inner_height_percent=&#8220;0&#8243; overlay_alpha=&#8220;50&#8243; gutter_size=&#8220;3&#8243; shift_y=&#8220;0&#8243; medium_visibility=&#8220;yes&#8220; mobile_visibility=&#8220;yes&#8220; css=&#8220;.vc_custom_1487156887930{padding-top: 40px !important;}&#8220;][vc_column_inner width=&#8220;1\/1&#8243;][vc_empty_space empty_h=&#8220;1&#8243;][\/vc_column_inner][\/vc_row_inner][\/vc_column][\/vc_row][vc_row row_height_percent=&#8220;0&#8243; overlay_alpha=&#8220;50&#8243; equal_height=&#8220;yes&#8220; gutter_size=&#8220;3&#8243; shift_y=&#8220;0&#8243; css=&#8220;.vc_custom_1486392764931{padding-top: 20px !important;padding-bottom: 20px !important;}&#8220;][vc_column width=&#8220;1\/2&#8243;][vc_single_image media=&#8220;1634&#8243; media_width_use_pixel=&#8220;yes&#8220; media_width_pixel=&#8220;400&#8243; uncode_shortcode_id=&#8220;189875&#8243;][\/vc_column][vc_column column_width_percent=&#8220;100&#8243; gutter_size=&#8220;3&#8243; overlay_alpha=&#8220;50&#8243; shift_x=&#8220;0&#8243; shift_y=&#8220;0&#8243; z_index=&#8220;0&#8243; medium_width=&#8220;0&#8243; width=&#8220;1\/2&#8243; css=&#8220;.vc_custom_1486392366750{padding-top: 40px !important;}&#8220;][vc_custom_heading]Dr. Steffen Roehn und sein globales Netzwerk\u2013 eine starke Kombination f\u00fcr Ihren Erfolg[\/vc_custom_heading][vc_column_text uncode_shortcode_id=&#8220;105390&#8243;]Ich stehe F\u00fchrungspers\u00f6nlichkeiten und ihren Teams mit Rat und Erfahrung zur Seite:<\/p>\n<p>Erfolg stellt sich ein, wenn Menschen, Strategie, Gesch\u00e4ft und Technologie eine Einheit bilden. In der digitalen und AI-Welt fehlen Unternehmern und F\u00fchrungskr\u00e4ften die Zeit und teilweise die F\u00e4higkeiten, diese Einheit herzustellen. Genau hier setze ich an. Meine geb\u00fcndelte Erfahrung, innovative L\u00f6sungsans\u00e4tze aus internationalen Projekten, ein breites Partner-Netzwerk und meine motivierende Art mit den Menschen zu arbeiten stellen sicher, dass diese Einheit effektiv und schnell erreicht wird. So gewinnen meine Kunden wertvolle Zeit im Wettbewerb. Und der Erfolg hat auch \u00fcber meinen Einsatz hinaus dauerhaft Bestand. [\/vc_column_text][uncode_list icon=&#8220;fa fa-arrow-right2&#8243; icon_color=&#8220;color-114539&#8243;]<\/p>\n<ul>\n<li><a style=\"color: #3baed4;\" href=\"\/de\/steffen-roehn-partner\">MEHR ZU DR. STEFFEN ROEHN UND SEINEM NETZWERK<\/a><\/li>\n<\/ul>\n<p>[\/uncode_list][\/vc_column][\/vc_row][vc_row row_height_percent=&#8220;0&#8243; back_color=&#8220;color-114539&#8243; back_image=&#8220;92&#8243; back_position=&#8220;center top&#8220; parallax=&#8220;yes&#8220; overlay_alpha=&#8220;50&#8243; gutter_size=&#8220;3&#8243; shift_y=&#8220;0&#8243; row_height_pixel=&#8220;516&#8243;][vc_column column_width_percent=&#8220;75&#8243; align_horizontal=&#8220;align_center&#8220; gutter_size=&#8220;3&#8243; style=&#8220;dark&#8220; overlay_alpha=&#8220;50&#8243; shift_x=&#8220;0&#8243; shift_y=&#8220;0&#8243; z_index=&#8220;0&#8243; medium_width=&#8220;0&#8243; width=&#8220;1\/1&#8243; css=&#8220;.vc_custom_1490014980974{padding-top: 100px !important;}&#8220;][vc_column_text]<\/p>\n<h2>\u201cDie Zusammenarbeit mit Steffen war f\u00fcr uns fachlich wie menschlich h\u00f6chst wertvoll. Seine ruhige, analytische Art stellte f\u00fcr uns operativ getriebene Gr\u00fcnder den richtigen Gegenpol dar. Seine Erfahrung mit komplexen Organisationen half uns immer wieder, den richtigen Fokus bei der Unternehmensentwicklung zu setzen.\u201c<\/h2>\n<h2><\/h2>\n<p>[\/vc_column_text][vc_column_text]Kyan Noack, Gr\u00fcnder und ehemaliger CEO von DeinDesign[\/vc_column_text][\/vc_column][\/vc_row][vc_row row_height_percent=&#8220;0&#8243; back_color=&#8220;color-114539&#8243; overlay_alpha=&#8220;50&#8243; gutter_size=&#8220;3&#8243; shift_y=&#8220;0&#8243;][vc_column width=&#8220;1\/1&#8243;][vc_row_inner][vc_column_inner column_width_percent=&#8220;100&#8243; gutter_size=&#8220;3&#8243; overlay_alpha=&#8220;50&#8243; shift_x=&#8220;0&#8243; shift_y=&#8220;0&#8243; z_index=&#8220;0&#8243; medium_width=&#8220;0&#8243; width=&#8220;1\/1&#8243; css=&#8220;.vc_custom_1487173072595{padding-bottom: 20px !important;}&#8220;][vc_custom_heading text_color=&#8220;color-xsdn&#8220; heading_semantic=&#8220;h3&#8243; text_size=&#8220;h3&#8243;]<span style=\"color: #ffffff;\"><a style=\"color: #ffffff;\" href=\"\/de\/leistungen\">Unsere Leistungen<\/a><\/span>[\/vc_custom_heading][\/vc_column_inner][\/vc_row_inner][vc_row_inner][vc_column_inner column_width_percent=&#8220;100&#8243; align_horizontal=&#8220;align_center&#8220; gutter_size=&#8220;2&#8243; overlay_alpha=&#8220;50&#8243; shift_x=&#8220;0&#8243; shift_y=&#8220;0&#8243; z_index=&#8220;0&#8243; medium_width=&#8220;0&#8243; width=&#8220;1\/4&#8243; css=&#8220;.vc_custom_1487175020524{padding-bottom: 20px !important;}&#8220;][vc_single_image media=&#8220;1520&#8243; media_width_use_pixel=&#8220;yes&#8220; alignment=&#8220;center&#8220; media_width_pixel=&#8220;160&#8243; media_link=&#8220;url:%2Fde%2Fleistungen%2F%23digitale-transformation|||&#8220;][vc_custom_heading text_color=&#8220;color-xsdn&#8220; heading_semantic=&#8220;h6&#8243; text_size=&#8220;h6&#8243; text_weight=&#8220;500&#8243; text_transform=&#8220;uppercase&#8220; uncode_shortcode_id=&#8220;160604&#8243; text_color_type=&#8220;uncode-palette&#8220;]<span style=\"color: #ffffff;\"><a style=\"color: #ffffff;\" href=\"\/de\/leistungen\/#digitale-transformation\">Digitale und KI Transformation<\/a><\/span>[\/vc_custom_heading][\/vc_column_inner][vc_column_inner column_width_percent=&#8220;100&#8243; align_horizontal=&#8220;align_center&#8220; gutter_size=&#8220;2&#8243; overlay_alpha=&#8220;50&#8243; shift_x=&#8220;0&#8243; shift_y=&#8220;0&#8243; z_index=&#8220;0&#8243; medium_width=&#8220;0&#8243; width=&#8220;1\/4&#8243; css=&#8220;.vc_custom_1487174995763{padding-bottom: 20px !important;}&#8220;][vc_single_image media=&#8220;1453&#8243; media_width_use_pixel=&#8220;yes&#8220; alignment=&#8220;center&#8220; media_width_pixel=&#8220;160&#8243; media_link=&#8220;url:%2Fde%2Fleistungen%2F%23geschaeftsentwicklung|||&#8220;][vc_custom_heading text_color=&#8220;color-xsdn&#8220; heading_semantic=&#8220;h6&#8243; text_size=&#8220;h6&#8243; text_weight=&#8220;500&#8243; text_transform=&#8220;uppercase&#8220;]<span style=\"color: #ffffff;\"><a style=\"color: #ffffff;\" href=\"\/de\/leistungen\/#geschaeftsentwicklung\">Gesch\u00e4ftsentwicklung und Turn-Around<\/a><\/span>[\/vc_custom_heading][\/vc_column_inner][vc_column_inner column_width_percent=&#8220;100&#8243; align_horizontal=&#8220;align_center&#8220; gutter_size=&#8220;2&#8243; overlay_alpha=&#8220;50&#8243; shift_x=&#8220;0&#8243; shift_y=&#8220;0&#8243; z_index=&#8220;0&#8243; medium_width=&#8220;0&#8243; width=&#8220;1\/4&#8243; css=&#8220;.vc_custom_1486475842234{padding-bottom: 20px !important;}&#8220;][vc_single_image media=&#8220;1454&#8243; media_width_use_pixel=&#8220;yes&#8220; alignment=&#8220;center&#8220; media_width_pixel=&#8220;160&#8243; media_link=&#8220;url:%2Fde%2Fleistungen%2F%23it-strategie|||&#8220;][vc_custom_heading text_color=&#8220;color-xsdn&#8220; heading_semantic=&#8220;h6&#8243; text_size=&#8220;h6&#8243; text_weight=&#8220;500&#8243; text_transform=&#8220;uppercase&#8220;]<span style=\"color: #ffffff;\"><a style=\"color: #ffffff;\" href=\"\/de\/leistungen\/#it-strategie\">IT Strategie und<\/a><\/span><\/p>\n<p><span style=\"color: #ffffff;\"><a style=\"color: #ffffff;\" href=\"\/de\/leistungen\/#it-strategie\"> IT Transformation<\/a><\/span>[\/vc_custom_heading][\/vc_column_inner][vc_column_inner column_width_percent=&#8220;100&#8243; align_horizontal=&#8220;align_center&#8220; gutter_size=&#8220;2&#8243; overlay_alpha=&#8220;50&#8243; shift_x=&#8220;0&#8243; shift_y=&#8220;0&#8243; z_index=&#8220;0&#8243; medium_width=&#8220;0&#8243; width=&#8220;1\/4&#8243; css=&#8220;.vc_custom_1486475847351{padding-bottom: 20px !important;}&#8220;][vc_single_image media=&#8220;1455&#8243; media_width_use_pixel=&#8220;yes&#8220; alignment=&#8220;center&#8220; media_width_pixel=&#8220;160&#8243; media_link=&#8220;url:%2Fde%2Fleistungen%2F%23effektive-sicherheit|||&#8220;][vc_custom_heading text_color=&#8220;color-xsdn&#8220; heading_semantic=&#8220;h6&#8243; text_size=&#8220;h6&#8243; text_weight=&#8220;500&#8243; text_transform=&#8220;uppercase&#8220;]<span style=\"color: #ffffff;\"><a style=\"color: #ffffff;\" href=\"\/de\/leistungen\/#effektive-sicherheit\">Effektive Sicherheit von unternehmenskritischen Daten<\/a><\/span>[\/vc_custom_heading][\/vc_column_inner][\/vc_row_inner][\/vc_column][\/vc_row][vc_row][vc_column width=&#8220;1\/1&#8243;][vc_row_inner][vc_column_inner width=&#8220;1\/1&#8243;][vc_custom_heading heading_semantic=&#8220;h3&#8243; text_size=&#8220;h3&#8243;]Unsere Referenzen[\/vc_custom_heading][\/vc_column_inner][\/vc_row_inner][vc_row_inner row_inner_height_percent=&#8220;0&#8243; overlay_alpha=&#8220;50&#8243; gutter_size=&#8220;3&#8243; shift_y=&#8220;0&#8243; css=&#8220;.vc_custom_1486398596521{padding-top: 40px !important;padding-bottom: 40px !important;}&#8220;][vc_column_inner column_width_percent=&#8220;100&#8243; align_horizontal=&#8220;align_center&#8220; gutter_size=&#8220;3&#8243; overlay_alpha=&#8220;50&#8243; shift_x=&#8220;0&#8243; shift_y=&#8220;0&#8243; z_index=&#8220;0&#8243; medium_width=&#8220;0&#8243; width=&#8220;1\/6&#8243;][vc_single_image media=&#8220;1695&#8243; media_width_use_pixel=&#8220;yes&#8220; alignment=&#8220;center&#8220; media_width_pixel=&#8220;200&#8243; media_link=&#8220;url:https%3A%2F%2Froehnconsult.com%2Fde%2Freferenzen%2F%23rainer-deutschmann|title:Referenzen&#8220; uncode_shortcode_id=&#8220;176720&#8243;][\/vc_column_inner][vc_column_inner column_width_percent=&#8220;100&#8243; align_horizontal=&#8220;align_center&#8220; gutter_size=&#8220;3&#8243; overlay_alpha=&#8220;50&#8243; shift_x=&#8220;0&#8243; shift_y=&#8220;0&#8243; z_index=&#8220;0&#8243; medium_width=&#8220;0&#8243; width=&#8220;1\/6&#8243;][vc_single_image media=&#8220;1540&#8243; media_width_use_pixel=&#8220;yes&#8220; alignment=&#8220;center&#8220; media_width_pixel=&#8220;200&#8243; media_link=&#8220;url:https%3A%2F%2Froehnconsult.com%2Fde%2Freferenzen%2F%23bain-company|title:Referenzen&#8220; uncode_shortcode_id=&#8220;164388&#8243;][\/vc_column_inner][vc_column_inner column_width_percent=&#8220;100&#8243; align_horizontal=&#8220;align_center&#8220; gutter_size=&#8220;3&#8243; overlay_alpha=&#8220;50&#8243; shift_x=&#8220;0&#8243; shift_y=&#8220;0&#8243; z_index=&#8220;0&#8243; medium_width=&#8220;0&#8243; width=&#8220;1\/6&#8243;][vc_single_image media=&#8220;1460&#8243; media_width_use_pixel=&#8220;yes&#8220; alignment=&#8220;center&#8220; media_width_pixel=&#8220;200&#8243; media_link=&#8220;url:https%3A%2F%2Froehnconsult.com%2Fde%2Freferenzen%2F%23reliance-jio|title:Referenzen&#8220; uncode_shortcode_id=&#8220;696412&#8243;][\/vc_column_inner][vc_column_inner column_width_percent=&#8220;100&#8243; align_horizontal=&#8220;align_center&#8220; gutter_size=&#8220;3&#8243; overlay_alpha=&#8220;50&#8243; shift_x=&#8220;0&#8243; shift_y=&#8220;0&#8243; z_index=&#8220;0&#8243; medium_width=&#8220;0&#8243; width=&#8220;1\/6&#8243;][vc_single_image media=&#8220;1458&#8243; media_width_use_pixel=&#8220;yes&#8220; alignment=&#8220;center&#8220; media_width_pixel=&#8220;200&#8243; media_link=&#8220;url:https%3A%2F%2Froehnconsult.com%2Fde%2Freferenzen%2F%23british-telecom|title:Referenzen&#8220; uncode_shortcode_id=&#8220;942123&#8243;][\/vc_column_inner][vc_column_inner column_width_percent=&#8220;100&#8243; align_horizontal=&#8220;align_center&#8220; gutter_size=&#8220;3&#8243; overlay_alpha=&#8220;50&#8243; shift_x=&#8220;0&#8243; shift_y=&#8220;0&#8243; z_index=&#8220;0&#8243; medium_width=&#8220;0&#8243; width=&#8220;1\/6&#8243;][vc_single_image media=&#8220;1513&#8243; media_width_use_pixel=&#8220;yes&#8220; alignment=&#8220;center&#8220; media_width_pixel=&#8220;200&#8243; media_link=&#8220;url:https%3A%2F%2Froehnconsult.com%2Fde%2Freferenzen%2F%23dein-design|title:Referenzen&#8220; uncode_shortcode_id=&#8220;195007&#8243;][\/vc_column_inner][vc_column_inner width=&#8220;1\/6&#8243;][vc_single_image media=&#8220;1456&#8243; media_width_use_pixel=&#8220;yes&#8220; alignment=&#8220;center&#8220; media_width_pixel=&#8220;200&#8243; media_link=&#8220;url:https%3A%2F%2Froehnconsult.com%2Fde%2Freferenzen%2F%23allianz|title:Referenzen&#8220; uncode_shortcode_id=&#8220;604274&#8243;][\/vc_column_inner][\/vc_row_inner][vc_row_inner][vc_column_inner column_width_percent=&#8220;100&#8243; align_horizontal=&#8220;align_center&#8220; gutter_size=&#8220;3&#8243; overlay_alpha=&#8220;50&#8243; shift_x=&#8220;0&#8243; shift_y=&#8220;0&#8243; z_index=&#8220;0&#8243; medium_width=&#8220;0&#8243; width=&#8220;1\/1&#8243;][uncode_list icon=&#8220;fa fa-arrow-right2&#8243; icon_color=&#8220;color-114539&#8243;]<\/p>\n<ul>\n<li><a style=\"color: #3baed4;\" href=\"\/de\/referenzen\/\">MEHR ZU UNSEREN REFERENZEN<\/a><\/li>\n<\/ul>\n<p>[\/uncode_list][\/vc_column_inner][\/vc_row_inner][\/vc_column][\/vc_row]<\/p>\n<\/div>","protected":false},"excerpt":{"rendered":"<p>[vc_row row_height_percent=&#8220;0&#8243; back_color=&#8220;color-114539&#8243; back_image=&#8220;134&#8243; back_position=&#8220;center center&#8220; parallax=&#8220;yes&#8220; overlay_alpha=&#8220;50&#8243; gutter_size=&#8220;3&#8243; shift_y=&#8220;0&#8243;][vc_column width=&#8220;1\/1&#8243;][vc_row_inner row_inner_height_percent=&#8220;0&#8243; overlay_alpha=&#8220;50&#8243; gutter_size=&#8220;3&#8243; shift_y=&#8220;0&#8243; medium_visibility=&#8220;yes&#8220; mobile_visibility=&#8220;yes&#8220; css=&#8220;.vc_custom_1487156029082{padding-top: 80px !important;}&#8220;][vc_column_inner [&hellip;]<\/p>\n","protected":false},"author":1,"featured_media":0,"parent":0,"menu_order":0,"comment_status":"closed","ping_status":"closed","template":"","meta":{"_acf_changed":false,"inline_featured_image":false,"footnotes":""},"class_list":["post-466","page","type-page","status-publish","hentry"],"acf":[],"acpt":null,"_links":{"self":[{"href":"https:\/\/roehnconsult.com\/de\/wp-json\/wp\/v2\/pages\/466","targetHints":{"allow":["GET"]}}],"collection":[{"href":"https:\/\/roehnconsult.com\/de\/wp-json\/wp\/v2\/pages"}],"about":[{"href":"https:\/\/roehnconsult.com\/de\/wp-json\/wp\/v2\/types\/page"}],"author":[{"embeddable":true,"href":"https:\/\/roehnconsult.com\/de\/wp-json\/wp\/v2\/users\/1"}],"replies":[{"embeddable":true,"href":"https:\/\/roehnconsult.com\/de\/wp-json\/wp\/v2\/comments?post=466"}],"version-history":[{"count":3,"href":"https:\/\/roehnconsult.com\/de\/wp-json\/wp\/v2\/pages\/466\/revisions"}],"predecessor-version":[{"id":1707,"href":"https:\/\/roehnconsult.com\/de\/wp-json\/wp\/v2\/pages\/466\/revisions\/1707"}],"wp:attachment":[{"href":"https:\/\/roehnconsult.com\/de\/wp-json\/wp\/v2\/media?parent=466"}],"curies":[{"name":"wp","href":"https:\/\/api.w.org\/{rel}","templated":true}]}}