{"id":499,"date":"2017-02-06T15:18:48","date_gmt":"2017-02-06T14:18:48","guid":{"rendered":"http:\/\/roehnconsult.com\/services\/"},"modified":"2025-10-21T10:08:28","modified_gmt":"2025-10-21T08:08:28","slug":"leistungen","status":"publish","type":"page","link":"https:\/\/roehnconsult.com\/de\/leistungen\/","title":{"rendered":"Leistungen"},"content":{"rendered":"<div class=\"wpb-content-wrapper\"><p>[vc_row row_height_percent=&#8220;0&#8243; overlay_alpha=&#8220;50&#8243; gutter_size=&#8220;3&#8243; shift_y=&#8220;0&#8243; css=&#8220;.vc_custom_1487176140293{padding-top: 40px !important;padding-bottom: 40px !important;}&#8220; row_name=&#8220;geschaeftsentwicklung&#8220;][vc_column width=&#8220;1\/1&#8243;][vc_row_inner][vc_column_inner width=&#8220;1\/1&#8243;][vc_column_text]Ich begleite Sie in enger, vertrauensvoller Zusammenarbeit auf Ihrem Weg zum Erfolg. Als Teil Ihres Teams. Ich gebe Feedback, fordere heraus und erarbeite gemeinsam mit Ihnen kreative L\u00f6sungen aus. Dazu bringe ich meine geb\u00fcndelte Erfahrung, innovative Ans\u00e4tze aus meinen Projekten aus aller Welt, mein Partner-Netzwerk und meine motivierende Art mit den Menschen zu arbeiten ein. Dadurch gewinnen Sie wertvolle Zeit, nutzen Chancen schneller und meistern gro\u00dfe H\u00fcrden in machbaren Schritten. Nachhaltige Ver\u00e4nderungen ergeben sich dabei wie von selbst. Und gerade sie sind es, die den Weg zum Erfolg ebnen. Wenn sie von innen kommen, nicht von au\u00dfen.<\/p>\n<p>Dabei agiere ich nicht alleine: \u00dcber viele Jahre habe ich ein weltweites Netzwerk an F\u00fchrungskr\u00e4ften, leistungsf\u00e4higen Unternehmen und angesehenen Spezialisten aufgebaut. Daraus stelle ich das optimale Team f\u00fcr Ihre konkrete Herausforderung zusammen.[\/vc_column_text][uncode_list icon=&#8220;fa fa-arrow-right2&#8243; icon_color=&#8220;color-114539&#8243;]<\/p>\n<ul>\n<li><a href=\"\/de\/steffen-roehn-partner\/\">MEHR ZU DR. STEFFEN ROEHN UND SEINEM NETZWERK<\/a><\/li>\n<\/ul>\n<p>[\/uncode_list][vc_column_text]Profitieren Sie von folgenden Leistungen:[\/vc_column_text][\/vc_column_inner][\/vc_row_inner][\/vc_column][\/vc_row][vc_row row_height_percent=&#8220;0&#8243; back_image=&#8220;1636&#8243; back_position=&#8220;center top&#8220; overlay_alpha=&#8220;50&#8243; gutter_size=&#8220;3&#8243; column_width_percent=&#8220;100&#8243; shift_y=&#8220;0&#8243; z_index=&#8220;0&#8243; content_parallax=&#8220;0&#8243; row_height_pixel=&#8220;500&#8243; uncode_shortcode_id=&#8220;197571&#8243;][vc_column width=&#8220;1\/1&#8243;][\/vc_column][\/vc_row][vc_row row_height_percent=&#8220;0&#8243; back_color=&#8220;color-114539&#8243; overlay_alpha=&#8220;50&#8243; gutter_size=&#8220;3&#8243; shift_y=&#8220;0&#8243; css=&#8220;.vc_custom_1487672237898{padding-top: 40px !important;padding-bottom: 40px !important;}&#8220; row_name=&#8220;digitale transformation&#8220;][vc_column width=&#8220;1\/1&#8243;][vc_row_inner][vc_column_inner width=&#8220;1\/3&#8243;][vc_single_image media=&#8220;1519&#8243; media_width_use_pixel=&#8220;yes&#8220; alignment=&#8220;center&#8220; media_width_pixel=&#8220;300&#8243;][\/vc_column_inner][vc_column_inner column_width_percent=&#8220;100&#8243; gutter_size=&#8220;3&#8243; style=&#8220;dark&#8220; overlay_alpha=&#8220;50&#8243; shift_x=&#8220;0&#8243; shift_y=&#8220;0&#8243; z_index=&#8220;0&#8243; medium_width=&#8220;0&#8243; width=&#8220;2\/3&#8243;][vc_custom_heading text_color=&#8220;color-xsdn&#8220; uncode_shortcode_id=&#8220;548170&#8243; text_color_type=&#8220;uncode-palette&#8220;]Digitale und KI Transformation[\/vc_custom_heading][vc_column_text uncode_shortcode_id=&#8220;529926&#8243;]Den neuen digitalen Plattformen und den M\u00f6glichkeiten von KI geh\u00f6ren die Zukunft. Zugleich stellen sie existierende Gesch\u00e4ftsmodelle und deren \u00d6kosysteme auf den Kopf und bieten v\u00f6llig neue Gesch\u00e4ftschancen. Viele Gesch\u00e4ftsverantwortliche haben bereits ihre Vision f\u00fcr die Zukunft entworfen. Oft f\u00fchrt das \u00fcber den steinigen Pfad einer \u201edigitalen\u201c Transformation. Wie sieht es in Ihrem Unternehmen aus? Sind\u00a0 Daten, KI,\u00a0 Technologie und Ihre F\u00fchrungskr\u00e4fte vorbereitet? Denn digitale und KI-basierte Gesch\u00e4ftsmodelle erfordern es noch mehr als bisher, skalierbar, digital, sicher und in h\u00f6chster Weise endkundenorientiert zu agieren.[\/vc_column_text][vc_column_text uncode_shortcode_id=&#8220;879242&#8243;]Wir haben jede Menge Erfahrung in der Konzeption und im Aufbau von massiv skalierbaren Echtzeit-Plattformen im globalen Ma\u00dfstab.<\/p>\n<p>Gern unterst\u00fctzen wir Sie genau an den Stellen, an denen Ihnen Expertise fehlt, um Ihre Pl\u00e4ne in der KI Welt Wirklichkeit werden zu lassen:<\/p>\n<ul>\n<li>KI-basierte Kundenerfahrung &#8211; digital, mobil, sicher<\/li>\n<li>Technologie Strategie &#8211; hoch-skalierbar, agil, unabh\u00e4ngig, sicher, souver\u00e4n<\/li>\n<li>Transformation Roadmap &#8211; Was, Wie, Wann, durch Wen, mit Wem?<\/li>\n<li>Entwicklung Ihres F\u00fchrungsteams<\/li>\n<\/ul>\n<p>[\/vc_column_text][uncode_list icon=&#8220;fa fa-arrow-right2&#8243; icon_color=&#8220;color-xsdn&#8220;]Referenz:<\/p>\n<ul>\n<li><span style=\"color: #ffffff;\"><a style=\"color: #ffffff;\" href=\"\/de\/referenzen\/#reliance-jio\">RELIANCE JIO<\/a><\/span><\/li>\n<\/ul>\n<p>[\/uncode_list][\/vc_column_inner][\/vc_row_inner][vc_separator sep_color=&#8220;color-287055&#8243;][vc_row_inner row_inner_height_percent=&#8220;0&#8243; overlay_alpha=&#8220;50&#8243; gutter_size=&#8220;3&#8243; shift_y=&#8220;0&#8243; css=&#8220;.vc_custom_1486652331689{padding-top: 40px !important;}&#8220;][vc_column_inner column_width_percent=&#8220;100&#8243; gutter_size=&#8220;2&#8243; overlay_alpha=&#8220;50&#8243; shift_x=&#8220;0&#8243; shift_y=&#8220;0&#8243; z_index=&#8220;0&#8243; medium_width=&#8220;0&#8243; width=&#8220;1\/1&#8243;][vc_custom_heading heading_semantic=&#8220;h3&#8243; text_size=&#8220;h3&#8243;]<span style=\"color: #ffffff;\">Case Study<\/span>[\/vc_custom_heading][vc_column_text css=&#8220;.vc_custom_1760975338182{padding-bottom: 20px !important;}&#8220; uncode_shortcode_id=&#8220;198455&#8243;]<\/p>\n<h5><span style=\"color: #ffffff;\">Wie Roehn Management Consulting Reliance Jio dabei geholfen hat, eine digitale Plattform f\u00fcr ganz Indien aufzubauen, die heute 500 Millionen bedient.<\/span><\/h5>\n<p>[\/vc_column_text][vc_button button_color=&#8220;color-287055&#8243; radius=&#8220;btn-circle&#8220; icon=&#8220;fa fa-arrow-right2&#8243; link=&#8220;url:%2Fde%2Freliance-jio-wie-man-100-millionen-kunden-gewinnt%2F|||&#8220;]Zur Case Study[\/vc_button][\/vc_column_inner][\/vc_row_inner][\/vc_column][\/vc_row][vc_row row_height_percent=&#8220;0&#8243; overlay_alpha=&#8220;50&#8243; gutter_size=&#8220;3&#8243; shift_y=&#8220;0&#8243; css=&#8220;.vc_custom_1487176140293{padding-top: 40px !important;padding-bottom: 40px !important;}&#8220; row_name=&#8220;geschaeftsentwicklung&#8220;][vc_column width=&#8220;1\/1&#8243;][vc_row_inner][vc_column_inner width=&#8220;2\/3&#8243;][vc_custom_heading]Gesch\u00e4ftsentwicklung und Turn-Around[\/vc_custom_heading][vc_column_text]Ihr digitales Gesch\u00e4ft l\u00e4uft rund, und jetzt wollen Sie die n\u00e4chste Wachstumsstufe z\u00fcnden? Sie hatten bislang ein gewinnbringendes Gesch\u00e4ftsmodell, aber inzwischen bleibt das Wachstum aus?[\/vc_column_text][vc_column_text]Holen Sie sich jemanden ins Boot, der sich mit Technologie- und Service-Unternehmen bestens auskennt. Wir verstehen, wie Ihre Kunden Kaufentscheidungen treffen, weil wir selbst jahrelang in gro\u00dfen Unternehmen verantwortlich waren. RMC bietet Ihnen geb\u00fcndeltes Wissen, sei es zum Wachstum von Startups oder zum Wachstum gro\u00dfer Technologie-Unternehmen. Wir unterst\u00fctzen Sie bei:<\/p>\n<ul>\n<li>Wachstumsstrategien, besonders im B2B und B2B2C Markt<\/li>\n<li>Partnerstrategien zur agilen und skalierbaren Erweiterung Ihres Angebotes<\/li>\n<li>Strategien Ihres Gr\u00fcnder-\/F\u00fchrungsteams, um den Fokus auf Wachstum und Wachstumsbarrieren zu<\/li>\n<\/ul>\n<p>[\/vc_column_text][uncode_list icon=&#8220;fa fa-arrow-right2&#8243; icon_color=&#8220;color-114539&#8243;]Referenz:<\/p>\n<ul>\n<li><span style=\"color: #3baed4;\"><a style=\"color: #3baed4;\" href=\"\/de\/referenzen\/#dein-design\">DEINDESIGN<\/a><\/span><\/li>\n<\/ul>\n<p>[\/uncode_list][\/vc_column_inner][vc_column_inner width=&#8220;1\/3&#8243;][vc_single_image media=&#8220;1480&#8243; media_width_use_pixel=&#8220;yes&#8220; alignment=&#8220;center&#8220; media_width_pixel=&#8220;300&#8243;][\/vc_column_inner][\/vc_row_inner][\/vc_column][\/vc_row][vc_row row_height_percent=&#8220;0&#8243; back_color=&#8220;color-114539&#8243; overlay_alpha=&#8220;50&#8243; gutter_size=&#8220;3&#8243; shift_y=&#8220;0&#8243; css=&#8220;.vc_custom_1487173905222{padding-top: 40px !important;padding-bottom: 40px !important;}&#8220; row_name=&#8220;it strategie&#8220;][vc_column width=&#8220;1\/1&#8243;][vc_row_inner][vc_column_inner width=&#8220;1\/3&#8243;][vc_single_image media=&#8220;1481&#8243; media_width_use_pixel=&#8220;yes&#8220; alignment=&#8220;center&#8220; media_width_pixel=&#8220;300&#8243;][\/vc_column_inner][vc_column_inner column_width_percent=&#8220;100&#8243; gutter_size=&#8220;3&#8243; style=&#8220;dark&#8220; overlay_alpha=&#8220;50&#8243; shift_x=&#8220;0&#8243; shift_y=&#8220;0&#8243; z_index=&#8220;0&#8243; medium_width=&#8220;0&#8243; width=&#8220;2\/3&#8243;][vc_custom_heading text_color=&#8220;color-xsdn&#8220;]IT Strategie und IT Transformation[\/vc_custom_heading][vc_column_text uncode_shortcode_id=&#8220;175361&#8243;]Dreh- und Angelpunkt der digitalen und KI Transformation ist und bleibt die IT. Wer sie konsequent f\u00fcr die neuen M\u00f6glichkeiten einzusetzen wei\u00df, profitiert enorm. Ansonsten wird sie zum gr\u00f6\u00dften Bremsklotz auf dem Weg zu digitalen Gesch\u00e4ftsmodellen.<\/p>\n<p>Leider hat kaum ein Unternehmer den Luxus, komplett auf neue IT zu setzen, sonst verliert er wichtige Assets. Die L\u00f6sung liegt im richtigen Mix aus Neubau, Renovierung, Transformation und Abschaltung. Strategische Technologie-Partner, die als starke Mitstreiter ausgew\u00e4hlt und eingebunden werden, flankieren diesen Prozess \u2013 und f\u00fchren ihn zum Erfolg. Die wichtigste Rolle spielt dabei jedoch immer das eigene Team.<\/p>\n<p>RMC sch\u00f6pft aus \u00fcber 30 Jahren Erfahrung bei der Transformation gro\u00dfer nationaler wie internationaler Organisationen. Es gibt nur wenige am Markt, die Ihnen einen Mix aus tiefgreifendem Verst\u00e4ndnis, langj\u00e4hriger pers\u00f6nlicher Erfahrung sowie Einf\u00fchlungsverm\u00f6gen in F\u00fchrungsteams bieten k\u00f6nnen \u2013 plus das geballte Wissen eines globalen Entscheider-Netzwerks.[\/vc_column_text][vc_column_text]J\u00fcngst haben wir Kunden bei prominenten Outsourcing-Partnerschaften unterst\u00fctzt, gro\u00dfe Integrationsvorhaben abgesichert, komplette IT-Architekturen und IT-Organisationen transformiert und ganz aktuell eines der gr\u00f6\u00dften Technologie-Unternehmen der Welt in Indien mit aufgebaut.<\/p>\n<p>RMC ist der richtige Partner f\u00fcr Sie bei:<\/p>\n<ul>\n<li>IT Strategie<\/li>\n<li>IT Transformation<\/li>\n<li>Partner Optimierung inkl. Outsourcing<\/li>\n<li>Entwicklung des Technologie-\/IT-F\u00fchrungsteams<\/li>\n<li>Interim CIO\/CTO management<\/li>\n<\/ul>\n<p>[\/vc_column_text][uncode_list icon=&#8220;fa fa-arrow-right2&#8243; icon_color=&#8220;color-xsdn&#8220;]Referenzen:<\/p>\n<ul>\n<li><span style=\"color: #ffffff;\"><a style=\"color: #ffffff;\" href=\"\/de\/referenzen\/#reliance-jio\">RELIANCE JIO<\/a><\/span><\/li>\n<li><span style=\"color: #ffffff;\"><a style=\"color: #ffffff;\" href=\"\/de\/referenzen\/#british-telecom\">BT \/ EE<\/a><\/span><\/li>\n<li><span style=\"color: #ffffff;\"><a style=\"color: #ffffff;\" href=\"\/de\/referenzen\/#allianz\">Allianz<\/a><\/span><\/li>\n<\/ul>\n<p>[\/uncode_list][\/vc_column_inner][\/vc_row_inner][\/vc_column][\/vc_row][vc_row row_height_percent=&#8220;0&#8243; overlay_alpha=&#8220;50&#8243; gutter_size=&#8220;3&#8243; shift_y=&#8220;0&#8243; css=&#8220;.vc_custom_1487173920410{padding-top: 40px !important;padding-bottom: 40px !important;}&#8220; row_name=&#8220;effektive sicherheit&#8220;][vc_column width=&#8220;1\/1&#8243;][vc_row_inner][vc_column_inner width=&#8220;2\/3&#8243;][vc_custom_heading]Effektive Sicherheit von unternehmenskritischen Daten[\/vc_custom_heading][vc_column_text uncode_shortcode_id=&#8220;434771&#8243;]Daten- und IT-Sicherheit stehen heute im Fokus aller Unternehmen, vor allem f\u00fcr digitale und KI-basierte Gesch\u00e4ftsmodelle. Ob aus den Bereichen F&amp;E, Vertrieb oder M&amp;A \u2013 unternehmenskritische Kundendaten m\u00fcssen gesch\u00fctzt werden.<\/p>\n<p>Eine effektive Strategie braucht ein breites Instrumentarium, um Cyberthreats genauso zu erkennen und zu verhindern wie internen Datenmissbrauch oder Datenklau. Konkret bedeutet das die Kategorisierung der Daten, effektive Governance, solide Organisation und die richtige Technologie. In digitalen Gesch\u00e4ftsmodellen geh\u00f6rt \u201cSicherheit by Design\u201c in jede Gesch\u00e4ftsstrategie.[\/vc_column_text][vc_column_text]Wir waren hautnah mit dabei, als ein Gro\u00dfkonzern die schmerzhafte Erfahrung eines Datenraubs machen musste. Die anschlie\u00dfende Transformation haben wir an f\u00fchrender Stelle durchgesetzt. Heute geh\u00f6rt dieser Konzern zu den Top-Leadern im Bereich Kundendaten- und Cybersicherheit. J\u00fcngst haben wir eines der gr\u00f6\u00dften Technologie-Startups der Welt mit dem Prinzip \u201cSecurity by Design\u201c aufgebaut \u2013 f\u00fcr mehr als 100 Millionen Kunden.<\/p>\n<p>Auch Ihr Unternehmen unterst\u00fctzt RMC effektiv bei:<\/p>\n<ul>\n<li>Datensicherheits-Strategie<\/li>\n<li>Sicherheits-Governance<\/li>\n<li>Aufbau kompletter Sicherheits-Organisationen<\/li>\n<li>Sicherheits-Assessments<\/li>\n<li>Vorstands- und Gesch\u00e4ftsf\u00fchrung-Sensibilisierung und Ausbildung<\/li>\n<\/ul>\n<p>[\/vc_column_text][uncode_list icon=&#8220;fa fa-arrow-right2&#8243; icon_color=&#8220;color-114539&#8243;]Referenz:<\/p>\n<ul>\n<li><span style=\"color: #3baed4;\"><a style=\"color: #3baed4;\" href=\"\/de\/referenzen\/#reliance-jio\">RELIANCE JIO<\/a><\/span><\/li>\n<\/ul>\n<p>[\/uncode_list][\/vc_column_inner][vc_column_inner width=&#8220;1\/3&#8243;][vc_single_image media=&#8220;1482&#8243; media_width_use_pixel=&#8220;yes&#8220; alignment=&#8220;center&#8220; media_width_pixel=&#8220;300&#8243;][\/vc_column_inner][\/vc_row_inner][\/vc_column][\/vc_row]<\/p>\n<\/div>","protected":false},"excerpt":{"rendered":"<p>[vc_row row_height_percent=&#8220;0&#8243; overlay_alpha=&#8220;50&#8243; gutter_size=&#8220;3&#8243; shift_y=&#8220;0&#8243; css=&#8220;.vc_custom_1487176140293{padding-top: 40px !important;padding-bottom: 40px !important;}&#8220; row_name=&#8220;geschaeftsentwicklung&#8220;][vc_column width=&#8220;1\/1&#8243;][vc_row_inner][vc_column_inner width=&#8220;1\/1&#8243;][vc_column_text]Ich begleite Sie in enger, vertrauensvoller Zusammenarbeit auf [&hellip;]<\/p>\n","protected":false},"author":1,"featured_media":0,"parent":0,"menu_order":0,"comment_status":"closed","ping_status":"closed","template":"","meta":{"_acf_changed":false,"inline_featured_image":false,"footnotes":""},"class_list":["post-499","page","type-page","status-publish","hentry"],"acf":[],"acpt":null,"_links":{"self":[{"href":"https:\/\/roehnconsult.com\/de\/wp-json\/wp\/v2\/pages\/499","targetHints":{"allow":["GET"]}}],"collection":[{"href":"https:\/\/roehnconsult.com\/de\/wp-json\/wp\/v2\/pages"}],"about":[{"href":"https:\/\/roehnconsult.com\/de\/wp-json\/wp\/v2\/types\/page"}],"author":[{"embeddable":true,"href":"https:\/\/roehnconsult.com\/de\/wp-json\/wp\/v2\/users\/1"}],"replies":[{"embeddable":true,"href":"https:\/\/roehnconsult.com\/de\/wp-json\/wp\/v2\/comments?post=499"}],"version-history":[{"count":0,"href":"https:\/\/roehnconsult.com\/de\/wp-json\/wp\/v2\/pages\/499\/revisions"}],"wp:attachment":[{"href":"https:\/\/roehnconsult.com\/de\/wp-json\/wp\/v2\/media?parent=499"}],"curies":[{"name":"wp","href":"https:\/\/api.w.org\/{rel}","templated":true}]}}